{"id":69,"date":"2024-05-22T11:32:04","date_gmt":"2024-05-22T09:32:04","guid":{"rendered":"http:\/\/fewo.cyteq.cloud\/?page_id=69"},"modified":"2024-06-05T10:02:07","modified_gmt":"2024-06-05T08:02:07","slug":"about-us","status":"publish","type":"page","link":"https:\/\/ahrpartments.de\/en\/about-us\/","title":{"rendered":"About us"},"content":{"rendered":"<div data-elementor-type=\"wp-page\" data-elementor-id=\"69\" class=\"elementor elementor-69\" data-elementor-post-type=\"page\">\n\t\t\t\t<div class=\"elementor-element elementor-element-fab12a5 e-flex e-con-boxed elementor-invisible e-con e-parent\" data-id=\"fab12a5\" data-element_type=\"container\" data-e-type=\"container\" data-settings=\"{&quot;animation&quot;:&quot;fadeIn&quot;}\">\n\t\t\t\t\t<div class=\"e-con-inner\">\n\t\t<div class=\"elementor-element elementor-element-ae20135 e-con-full e-flex e-con e-child\" data-id=\"ae20135\" data-element_type=\"container\" data-e-type=\"container\" data-settings=\"{&quot;background_background&quot;:&quot;classic&quot;}\">\n\t\t\t\t<div class=\"elementor-element elementor-element-dee81d1 elementor-widget__width-initial ekit-equal-height-disable elementor-widget elementor-widget-elementskit-icon-box\" data-id=\"dee81d1\" data-element_type=\"widget\" data-e-type=\"widget\" data-widget_type=\"elementskit-icon-box.default\">\n\t\t\t\t<div class=\"elementor-widget-container\">\n\t\t\t\t\t<div class=\"ekit-wid-con\" >        <!-- link opening -->\n                <!-- end link opening -->\n\n        <div class=\"elementskit-infobox text-center text- icon-lef-right-aligin elementor-animation-\">\n                        <div class=\"box-body\">\n                            <h1 class=\"elementskit-info-box-title\">\n                    About us                <\/h1>\n                                            <\/div>\n        \n        \n                <\/div>\n        <\/div>\t\t\t\t<\/div>\n\t\t\t\t<\/div>\n\t\t\t\t<\/div>\n\t\t\t\t\t<\/div>\n\t\t\t\t<\/div>\n\t\t<div class=\"elementor-element elementor-element-ae2b59b e-flex e-con-boxed e-con e-parent\" data-id=\"ae2b59b\" data-element_type=\"container\" data-e-type=\"container\">\n\t\t\t\t\t<div class=\"e-con-inner\">\n\t\t<div class=\"elementor-element elementor-element-151e0ec e-con-full e-flex e-con e-child\" data-id=\"151e0ec\" data-element_type=\"container\" data-e-type=\"container\">\n\t\t\t\t<div class=\"elementor-element elementor-element-fd26c4d elementor-widget elementor-widget-heading\" data-id=\"fd26c4d\" data-element_type=\"widget\" data-e-type=\"widget\" data-widget_type=\"heading.default\">\n\t\t\t\t<div class=\"elementor-widget-container\">\n\t\t\t\t\t<h2 class=\"elementor-heading-title elementor-size-default\">Host in Bad Neuenahr since 1907<\/h2>\t\t\t\t<\/div>\n\t\t\t\t<\/div>\n\t\t\t\t<div class=\"elementor-element elementor-element-52629b9 elementor-widget elementor-widget-text-editor\" data-id=\"52629b9\" data-element_type=\"widget\" data-e-type=\"widget\" data-widget_type=\"text-editor.default\">\n\t\t\t\t<div class=\"elementor-widget-container\">\n\t\t\t\t\t\t\t\t\t<p>Our house looks back on a long and eventful history that began over a century ago. Our building was built in 1870 as one of the first houses on Telegrafenstra\u00dfe and initially served as a residential building. As early as 1907, it was converted into the Haus Kelter guesthouse, laying the foundations for our tradition of hospitality.<\/p><p>From 1960 to 1964, the guesthouse was transformed into a comfortable garni hotel under the management of the Ernsing family. It is noteworthy that our hotel was the first hotel in Bad Neuenahr to have a lift - a novelty and an expression of the comfort we wanted to offer our guests.<\/p><p>The following decades were characterised by the Schipler family, who ran the hotel with full and half board from 1976 to 2005. During this time, we gained a reputation for first-class hospitality and personalised service.<\/p><p>In 2005, the daughter and her husband, the Durben family, took over the Garni Hotel and led it into a new era. Two years later, in 2007, we expanded our offer with a modern penthouse holiday flat, which met the demands of our guests for contemporary comfort.<\/p><p>One major event was the flood of the century in the Ahr valley in 2021, which severely damaged our house. Despite this setback, we immediately began planning the reconstruction. From 2021 to May 2024, the hotel was completely converted into modern holiday flats. Stylish and comfortable accommodation was created on an area of 820 m\u00b2, leaving nothing to be desired.<\/p><p>In June 2024, we look forward to reopening as Ahrpartments and welcoming our guests in a modern yet traditional atmosphere. Our history is characterised by change and consistency - and we are proud to continue this tradition.<\/p>\t\t\t\t\t\t\t\t<\/div>\n\t\t\t\t<\/div>\n\t\t\t\t<\/div>\n\t\t\t\t\t<\/div>\n\t\t\t\t<\/div>\n\t\t<div class=\"elementor-element elementor-element-25221b2 e-flex e-con-boxed e-con e-parent\" data-id=\"25221b2\" data-element_type=\"container\" data-e-type=\"container\">\n\t\t\t\t\t<div class=\"e-con-inner\">\n\t\t\t\t<div class=\"elementor-element elementor-element-a8db45a elementor-widget elementor-widget-image\" data-id=\"a8db45a\" data-element_type=\"widget\" data-e-type=\"widget\" data-widget_type=\"image.default\">\n\t\t\t\t<div class=\"elementor-widget-container\">\n\t\t\t\t\t\t\t\t\t\t\t\t\t\t\t<img fetchpriority=\"high\" decoding=\"async\" width=\"800\" height=\"534\" src=\"https:\/\/ahrpartments.de\/wp-content\/uploads\/2024\/06\/Durben_00011-1024x683.jpeg\" class=\"attachment-large size-large wp-image-516\" alt=\"\" srcset=\"https:\/\/ahrpartments.de\/wp-content\/uploads\/2024\/06\/Durben_00011-1024x683.jpeg 1024w, https:\/\/ahrpartments.de\/wp-content\/uploads\/2024\/06\/Durben_00011-300x200.jpeg 300w, https:\/\/ahrpartments.de\/wp-content\/uploads\/2024\/06\/Durben_00011-768x512.jpeg 768w, https:\/\/ahrpartments.de\/wp-content\/uploads\/2024\/06\/Durben_00011-1536x1024.jpeg 1536w, https:\/\/ahrpartments.de\/wp-content\/uploads\/2024\/06\/Durben_00011-2048x1365.jpeg 2048w\" sizes=\"(max-width: 800px) 100vw, 800px\" \/>\t\t\t\t\t\t\t\t\t\t\t\t\t\t\t<\/div>\n\t\t\t\t<\/div>\n\t\t\t\t\t<\/div>\n\t\t\t\t<\/div>\n\t\t\t\t<\/div>","protected":false},"excerpt":{"rendered":"<p>\u00dcber Uns Seit 1907 Gastgeber in Bad Neuenahr Unser Haus blickt auf eine lange und bewegte Geschichte zur\u00fcck, die vor \u00fcber einem Jahrhundert begann. Im Jahr 1870 wurde unser Geb\u00e4ude als eines der ersten H\u00e4user auf der Telegrafenstra\u00dfe erbaut und diente zun\u00e4chst als Wohnhaus. Bereits 1907 erfolgte der erste Umbau zur Pension Haus Kelter, womit [&hellip;]<\/p>\n","protected":false},"author":1,"featured_media":0,"parent":0,"menu_order":0,"comment_status":"closed","ping_status":"closed","template":"elementor_header_footer","meta":{"footnotes":""},"class_list":["post-69","page","type-page","status-publish","hentry"],"yoast_head":"<!-- This site is optimized with the Yoast SEO plugin v27.4 - https:\/\/yoast.com\/product\/yoast-seo-wordpress\/ -->\n<title>\u00dcber Uns | Ahrpartments ***** Ferienwohnung in Bad Neuenahr<\/title>\n<meta name=\"description\" content=\"Entdecken Sie die Ahrpartments, ehemals Hotel Ernsing, im Herzen des Ahrtals. Unsere stilvoll renovierten Ferienwohnungen bieten h\u00f6chsten Komfort und ein unvergessliches Urlaubserlebnis in einer der sch\u00f6nsten Weinregionen Deutschlands.\" \/>\n<meta name=\"robots\" content=\"index, follow, max-snippet:-1, max-image-preview:large, max-video-preview:-1\" \/>\n<link rel=\"canonical\" href=\"https:\/\/ahrpartments.de\/en\/about-us\/\" \/>\n<meta property=\"og:locale\" content=\"en_GB\" \/>\n<meta property=\"og:type\" content=\"article\" \/>\n<meta property=\"og:title\" content=\"\u00dcber Uns | Ahrpartments ***** Ferienwohnung in Bad Neuenahr\" \/>\n<meta property=\"og:description\" content=\"Entdecken Sie die Ahrpartments, ehemals Haus Ernsing, im Herzen des Ahrtals. Unsere stilvoll renovierten Ferienwohnungen bieten h\u00f6chsten Komfort und ein unvergessliches Urlaubserlebnis in einer der sch\u00f6nsten Weinregionen Deutschlands.\" \/>\n<meta property=\"og:url\" content=\"https:\/\/ahrpartments.de\/en\/about-us\/\" \/>\n<meta property=\"og:site_name\" content=\"Ahrpartments- Ferienwohungen Bad Neuenahr\" \/>\n<meta property=\"article:modified_time\" content=\"2024-06-05T08:02:07+00:00\" \/>\n<meta property=\"og:image\" content=\"https:\/\/ahrpartments.de\/wp-content\/uploads\/2024\/06\/Durben_00011-scaled.jpeg\" \/>\n\t<meta property=\"og:image:width\" content=\"2560\" \/>\n\t<meta property=\"og:image:height\" content=\"1707\" \/>\n\t<meta property=\"og:image:type\" content=\"image\/jpeg\" \/>\n<meta name=\"twitter:card\" content=\"summary_large_image\" \/>\n<meta name=\"twitter:title\" content=\"\u00dcber Uns | Ahrpartments ***** Ferienwohnung in Bad Neuenahr\" \/>\n<meta name=\"twitter:description\" content=\"Entdecken Sie die Ahrpartments, ehemals Haus Ernsing, im Herzen des Ahrtals. Unsere stilvoll renovierten Ferienwohnungen bieten h\u00f6chsten Komfort und ein unvergessliches Urlaubserlebnis in einer der sch\u00f6nsten Weinregionen Deutschlands.\" \/>\n<meta name=\"twitter:image\" content=\"https:\/\/ahrpartments.de\/wp-content\/uploads\/2024\/06\/Durben_00011-scaled.jpeg\" \/>\n<meta name=\"twitter:label1\" content=\"Estimated reading time\" \/>\n\t<meta name=\"twitter:data1\" content=\"2 minutes\" \/>\n<script type=\"application\/ld+json\" class=\"yoast-schema-graph\">{\"@context\":\"https:\\\/\\\/schema.org\",\"@graph\":[{\"@type\":\"WebPage\",\"@id\":\"https:\\\/\\\/ahrpartments.de\\\/ueber-uns\\\/\",\"url\":\"https:\\\/\\\/ahrpartments.de\\\/ueber-uns\\\/\",\"name\":\"\u00dcber Uns | Ahrpartments ***** Ferienwohnung in Bad Neuenahr\",\"isPartOf\":{\"@id\":\"https:\\\/\\\/ahrpartments.de\\\/#website\"},\"primaryImageOfPage\":{\"@id\":\"https:\\\/\\\/ahrpartments.de\\\/ueber-uns\\\/#primaryimage\"},\"image\":{\"@id\":\"https:\\\/\\\/ahrpartments.de\\\/ueber-uns\\\/#primaryimage\"},\"thumbnailUrl\":\"https:\\\/\\\/ahrpartments.de\\\/wp-content\\\/uploads\\\/2024\\\/06\\\/Durben_00011-1024x683.jpeg\",\"datePublished\":\"2024-05-22T09:32:04+00:00\",\"dateModified\":\"2024-06-05T08:02:07+00:00\",\"description\":\"Entdecken Sie die Ahrpartments, ehemals Hotel Ernsing, im Herzen des Ahrtals. Unsere stilvoll renovierten Ferienwohnungen bieten h\u00f6chsten Komfort und ein unvergessliches Urlaubserlebnis in einer der sch\u00f6nsten Weinregionen Deutschlands.\",\"breadcrumb\":{\"@id\":\"https:\\\/\\\/ahrpartments.de\\\/ueber-uns\\\/#breadcrumb\"},\"inLanguage\":\"en-GB\",\"potentialAction\":[{\"@type\":\"ReadAction\",\"target\":[\"https:\\\/\\\/ahrpartments.de\\\/ueber-uns\\\/\"]}]},{\"@type\":\"ImageObject\",\"inLanguage\":\"en-GB\",\"@id\":\"https:\\\/\\\/ahrpartments.de\\\/ueber-uns\\\/#primaryimage\",\"url\":\"https:\\\/\\\/ahrpartments.de\\\/wp-content\\\/uploads\\\/2024\\\/06\\\/Durben_00011-1024x683.jpeg\",\"contentUrl\":\"https:\\\/\\\/ahrpartments.de\\\/wp-content\\\/uploads\\\/2024\\\/06\\\/Durben_00011-1024x683.jpeg\"},{\"@type\":\"BreadcrumbList\",\"@id\":\"https:\\\/\\\/ahrpartments.de\\\/ueber-uns\\\/#breadcrumb\",\"itemListElement\":[{\"@type\":\"ListItem\",\"position\":1,\"name\":\"Home\",\"item\":\"https:\\\/\\\/ahrpartments.de\\\/\"},{\"@type\":\"ListItem\",\"position\":2,\"name\":\"\u00dcber Uns\"}]},{\"@type\":\"WebSite\",\"@id\":\"https:\\\/\\\/ahrpartments.de\\\/#website\",\"url\":\"https:\\\/\\\/ahrpartments.de\\\/\",\"name\":\"Ahrpartments- Ferienwohungen Bad Neuenahr\",\"description\":\"\",\"publisher\":{\"@id\":\"https:\\\/\\\/ahrpartments.de\\\/#organization\"},\"potentialAction\":[{\"@type\":\"SearchAction\",\"target\":{\"@type\":\"EntryPoint\",\"urlTemplate\":\"https:\\\/\\\/ahrpartments.de\\\/?s={search_term_string}\"},\"query-input\":{\"@type\":\"PropertyValueSpecification\",\"valueRequired\":true,\"valueName\":\"search_term_string\"}}],\"inLanguage\":\"en-GB\"},{\"@type\":\"Organization\",\"@id\":\"https:\\\/\\\/ahrpartments.de\\\/#organization\",\"name\":\"Ahrpartments- Ferienwohungen Bad Neuenahr\",\"url\":\"https:\\\/\\\/ahrpartments.de\\\/\",\"logo\":{\"@type\":\"ImageObject\",\"inLanguage\":\"en-GB\",\"@id\":\"https:\\\/\\\/ahrpartments.de\\\/#\\\/schema\\\/logo\\\/image\\\/\",\"url\":\"https:\\\/\\\/ahrpartments.de\\\/wp-content\\\/uploads\\\/2024\\\/05\\\/cropped-4-1.jpg\",\"contentUrl\":\"https:\\\/\\\/ahrpartments.de\\\/wp-content\\\/uploads\\\/2024\\\/05\\\/cropped-4-1.jpg\",\"width\":800,\"height\":229,\"caption\":\"Ahrpartments- Ferienwohungen Bad Neuenahr\"},\"image\":{\"@id\":\"https:\\\/\\\/ahrpartments.de\\\/#\\\/schema\\\/logo\\\/image\\\/\"}}]}<\/script>\n<!-- \/ Yoast SEO plugin. -->","yoast_head_json":{"title":"About us | Ahrpartments ***** Holiday flat in Bad Neuenahr","description":"Discover the Ahrpartments, formerly Hotel Ernsing, in the heart of the Ahr Valley. Our stylishly renovated holiday flats offer maximum comfort and an unforgettable holiday experience in one of Germany's most beautiful wine regions.","robots":{"index":"index","follow":"follow","max-snippet":"max-snippet:-1","max-image-preview":"max-image-preview:large","max-video-preview":"max-video-preview:-1"},"canonical":"https:\/\/ahrpartments.de\/en\/about-us\/","og_locale":"en_GB","og_type":"article","og_title":"\u00dcber Uns | Ahrpartments ***** Ferienwohnung in Bad Neuenahr","og_description":"Entdecken Sie die Ahrpartments, ehemals Haus Ernsing, im Herzen des Ahrtals. Unsere stilvoll renovierten Ferienwohnungen bieten h\u00f6chsten Komfort und ein unvergessliches Urlaubserlebnis in einer der sch\u00f6nsten Weinregionen Deutschlands.","og_url":"https:\/\/ahrpartments.de\/en\/about-us\/","og_site_name":"Ahrpartments- Ferienwohungen Bad Neuenahr","article_modified_time":"2024-06-05T08:02:07+00:00","og_image":[{"width":2560,"height":1707,"url":"https:\/\/ahrpartments.de\/wp-content\/uploads\/2024\/06\/Durben_00011-scaled.jpeg","type":"image\/jpeg"}],"twitter_card":"summary_large_image","twitter_title":"\u00dcber Uns | Ahrpartments ***** Ferienwohnung in Bad Neuenahr","twitter_description":"Entdecken Sie die Ahrpartments, ehemals Haus Ernsing, im Herzen des Ahrtals. Unsere stilvoll renovierten Ferienwohnungen bieten h\u00f6chsten Komfort und ein unvergessliches Urlaubserlebnis in einer der sch\u00f6nsten Weinregionen Deutschlands.","twitter_image":"https:\/\/ahrpartments.de\/wp-content\/uploads\/2024\/06\/Durben_00011-scaled.jpeg","twitter_misc":{"Estimated reading time":"2 minutes"},"schema":{"@context":"https:\/\/schema.org","@graph":[{"@type":"WebPage","@id":"https:\/\/ahrpartments.de\/ueber-uns\/","url":"https:\/\/ahrpartments.de\/ueber-uns\/","name":"About us | Ahrpartments ***** Holiday flat in Bad Neuenahr","isPartOf":{"@id":"https:\/\/ahrpartments.de\/#website"},"primaryImageOfPage":{"@id":"https:\/\/ahrpartments.de\/ueber-uns\/#primaryimage"},"image":{"@id":"https:\/\/ahrpartments.de\/ueber-uns\/#primaryimage"},"thumbnailUrl":"https:\/\/ahrpartments.de\/wp-content\/uploads\/2024\/06\/Durben_00011-1024x683.jpeg","datePublished":"2024-05-22T09:32:04+00:00","dateModified":"2024-06-05T08:02:07+00:00","description":"Discover the Ahrpartments, formerly Hotel Ernsing, in the heart of the Ahr Valley. Our stylishly renovated holiday flats offer maximum comfort and an unforgettable holiday experience in one of Germany's most beautiful wine regions.","breadcrumb":{"@id":"https:\/\/ahrpartments.de\/ueber-uns\/#breadcrumb"},"inLanguage":"en-GB","potentialAction":[{"@type":"ReadAction","target":["https:\/\/ahrpartments.de\/ueber-uns\/"]}]},{"@type":"ImageObject","inLanguage":"en-GB","@id":"https:\/\/ahrpartments.de\/ueber-uns\/#primaryimage","url":"https:\/\/ahrpartments.de\/wp-content\/uploads\/2024\/06\/Durben_00011-1024x683.jpeg","contentUrl":"https:\/\/ahrpartments.de\/wp-content\/uploads\/2024\/06\/Durben_00011-1024x683.jpeg"},{"@type":"BreadcrumbList","@id":"https:\/\/ahrpartments.de\/ueber-uns\/#breadcrumb","itemListElement":[{"@type":"ListItem","position":1,"name":"Home","item":"https:\/\/ahrpartments.de\/"},{"@type":"ListItem","position":2,"name":"\u00dcber Uns"}]},{"@type":"WebSite","@id":"https:\/\/ahrpartments.de\/#website","url":"https:\/\/ahrpartments.de\/","name":"Ahrpartments- Holiday apartments Bad Neuenahr","description":"","publisher":{"@id":"https:\/\/ahrpartments.de\/#organization"},"potentialAction":[{"@type":"SearchAction","target":{"@type":"EntryPoint","urlTemplate":"https:\/\/ahrpartments.de\/?s={search_term_string}"},"query-input":{"@type":"PropertyValueSpecification","valueRequired":true,"valueName":"search_term_string"}}],"inLanguage":"en-GB"},{"@type":"Organization","@id":"https:\/\/ahrpartments.de\/#organization","name":"Ahrpartments- Holiday apartments Bad Neuenahr","url":"https:\/\/ahrpartments.de\/","logo":{"@type":"ImageObject","inLanguage":"en-GB","@id":"https:\/\/ahrpartments.de\/#\/schema\/logo\/image\/","url":"https:\/\/ahrpartments.de\/wp-content\/uploads\/2024\/05\/cropped-4-1.jpg","contentUrl":"https:\/\/ahrpartments.de\/wp-content\/uploads\/2024\/05\/cropped-4-1.jpg","width":800,"height":229,"caption":"Ahrpartments- Ferienwohungen Bad Neuenahr"},"image":{"@id":"https:\/\/ahrpartments.de\/#\/schema\/logo\/image\/"}}]}},"_links":{"self":[{"href":"https:\/\/ahrpartments.de\/en\/wp-json\/wp\/v2\/pages\/69","targetHints":{"allow":["GET"]}}],"collection":[{"href":"https:\/\/ahrpartments.de\/en\/wp-json\/wp\/v2\/pages"}],"about":[{"href":"https:\/\/ahrpartments.de\/en\/wp-json\/wp\/v2\/types\/page"}],"author":[{"embeddable":true,"href":"https:\/\/ahrpartments.de\/en\/wp-json\/wp\/v2\/users\/1"}],"replies":[{"embeddable":true,"href":"https:\/\/ahrpartments.de\/en\/wp-json\/wp\/v2\/comments?post=69"}],"version-history":[{"count":13,"href":"https:\/\/ahrpartments.de\/en\/wp-json\/wp\/v2\/pages\/69\/revisions"}],"predecessor-version":[{"id":1022,"href":"https:\/\/ahrpartments.de\/en\/wp-json\/wp\/v2\/pages\/69\/revisions\/1022"}],"wp:attachment":[{"href":"https:\/\/ahrpartments.de\/en\/wp-json\/wp\/v2\/media?parent=69"}],"curies":[{"name":"wp","href":"https:\/\/api.w.org\/{rel}","templated":true}]}}