{"id":432,"date":"2024-05-29T14:38:27","date_gmt":"2024-05-29T12:38:27","guid":{"rendered":"http:\/\/fewo.cyteq.cloud\/?page_id=432"},"modified":"2025-10-27T14:13:54","modified_gmt":"2025-10-27T13:13:54","slug":"prijzen","status":"publish","type":"page","link":"https:\/\/ahrpartments.de\/nl\/prijzen\/","title":{"rendered":"Prijzen"},"content":{"rendered":"<div data-elementor-type=\"wp-page\" data-elementor-id=\"432\" class=\"elementor elementor-432\" data-elementor-post-type=\"page\">\n\t\t\t\t<div class=\"elementor-element elementor-element-ef0b514 e-flex e-con-boxed elementor-invisible e-con e-parent\" data-id=\"ef0b514\" data-element_type=\"container\" data-e-type=\"container\" data-settings=\"{&quot;animation&quot;:&quot;fadeIn&quot;}\">\n\t\t\t\t\t<div class=\"e-con-inner\">\n\t\t<div class=\"elementor-element elementor-element-628ef10 e-con-full e-flex e-con e-child\" data-id=\"628ef10\" data-element_type=\"container\" data-e-type=\"container\" data-settings=\"{&quot;background_background&quot;:&quot;classic&quot;}\">\n\t\t\t\t<div class=\"elementor-element elementor-element-9078cc3 elementor-widget__width-initial ekit-equal-height-disable elementor-widget elementor-widget-elementskit-icon-box\" data-id=\"9078cc3\" data-element_type=\"widget\" data-e-type=\"widget\" data-widget_type=\"elementskit-icon-box.default\">\n\t\t\t\t<div class=\"elementor-widget-container\">\n\t\t\t\t\t<div class=\"ekit-wid-con\" >        <!-- link opening -->\n                <!-- end link opening -->\n\n        <div class=\"elementskit-infobox text-center text- icon-lef-right-aligin elementor-animation-\">\n                        <div class=\"box-body\">\n                            <h1 class=\"elementskit-info-box-title\">\n                    Prijzen                <\/h1>\n                                            <\/div>\n        \n        \n                <\/div>\n        <\/div>\t\t\t\t<\/div>\n\t\t\t\t<\/div>\n\t\t\t\t<\/div>\n\t\t\t\t\t<\/div>\n\t\t\t\t<\/div>\n\t\t<div class=\"elementor-element elementor-element-55e4e34 e-flex e-con-boxed e-con e-parent\" data-id=\"55e4e34\" data-element_type=\"container\" data-e-type=\"container\">\n\t\t\t\t\t<div class=\"e-con-inner\">\n\t\t\t\t<div class=\"elementor-element elementor-element-c655fae elementor-widget elementor-widget-elementskit-tablepress\" data-id=\"c655fae\" data-element_type=\"widget\" data-e-type=\"widget\" data-widget_type=\"elementskit-tablepress.default\">\n\t\t\t\t<div class=\"elementor-widget-container\">\n\t\t\t\t\t<div class=\"elemenetskit-tablepress ekit-wid-con\" id=\"ekit_tablepress_c655fae\">\n<table id=\"tablepress-1\" class=\"tablepress tablepress-id-1\">\n<thead>\n<tr class=\"row-1\">\n\t<th class=\"column-1\">Vakantiewoning<\/th><th class=\"column-2\">Prijs voor 2 personen<\/th><th class=\"column-3\">extra persoon<\/th>\n<\/tr>\n<\/thead>\n<tbody class=\"row-striping\">\n<tr class=\"row-2\">\n\t<td class=\"column-1\">Flat 1<\/td><td class=\"column-2\">vanaf 130 \u20ac per nacht<\/td><td class=\"column-3\"><\/td>\n<\/tr>\n<tr class=\"row-3\">\n\t<td class=\"column-1\">Flat 2<\/td><td class=\"column-2\">vanaf 120 \u20ac per nacht<\/td><td class=\"column-3\">50 \u20ac per dag<\/td>\n<\/tr>\n<tr class=\"row-4\">\n\t<td class=\"column-1\">Penthouse Sky<\/td><td class=\"column-2\">vanaf 150 \u20ac per nacht<\/td><td class=\"column-3\">50 \u20ac per dag<\/td>\n<\/tr>\n<tr class=\"row-5\">\n\t<td class=\"column-1\">Flat 4<\/td><td class=\"column-2\">vanaf 120 \u20ac per nacht<\/td><td class=\"column-3\">50 \u20ac per dag<\/td>\n<\/tr>\n<tr class=\"row-6\">\n\t<td class=\"column-1\">Flat 5<\/td><td class=\"column-2\">vanaf 120 \u20ac per nacht<\/td><td class=\"column-3\"><\/td>\n<\/tr>\n<tr class=\"row-7\">\n\t<td class=\"column-1\">Flat 6<\/td><td class=\"column-2\">vanaf 120 \u20ac per nacht<\/td><td class=\"column-3\">50 \u20ac per dag<\/td>\n<\/tr>\n<tr class=\"row-8\">\n\t<td class=\"column-1\">Flat 7<\/td><td class=\"column-2\">vanaf 120 \u20ac per nacht<\/td><td class=\"column-3\"><\/td>\n<\/tr>\n<tr class=\"row-9\">\n\t<td class=\"column-1\">Penthouse<\/td><td class=\"column-2\">vanaf 150 \u20ac per nacht<\/td><td class=\"column-3\">50 \u20ac per dag<\/td>\n<\/tr>\n<\/tbody>\n<\/table>\n<!-- #tablepress-1 from cache --><\/div>\t\t\t\t<\/div>\n\t\t\t\t<\/div>\n\t\t\t\t\t<\/div>\n\t\t\t\t<\/div>\n\t\t<div class=\"elementor-element elementor-element-009c8f0 e-flex e-con-boxed e-con e-parent\" data-id=\"009c8f0\" data-element_type=\"container\" data-e-type=\"container\">\n\t\t\t\t\t<div class=\"e-con-inner\">\n\t\t\t\t<div class=\"elementor-element elementor-element-dc97e54 elementor-widget elementor-widget-text-editor\" data-id=\"dc97e54\" data-element_type=\"widget\" data-e-type=\"widget\" data-widget_type=\"text-editor.default\">\n\t\t\t\t<div class=\"elementor-widget-container\">\n\t\t\t\t\t\t\t\t\t<p><strong>Minimum verblijf: <\/strong>3 nachten.<\/p>\t\t\t\t\t\t\t\t<\/div>\n\t\t\t\t<\/div>\n\t\t\t\t<div class=\"elementor-element elementor-element-205385f elementor-widget elementor-widget-text-editor\" data-id=\"205385f\" data-element_type=\"widget\" data-e-type=\"widget\" data-widget_type=\"text-editor.default\">\n\t\t\t\t<div class=\"elementor-widget-container\">\n\t\t\t\t\t\t\t\t\t<p><strong>Toeristenbelasting:\u00a0<\/strong>De prijzen van onze vakantiewoningen zijn exclusief toeristenbelasting. De toeristenbelasting bedraagt 2,50 euro voor volwassenen, kinderen zijn gratis.<\/p>\t\t\t\t\t\t\t\t<\/div>\n\t\t\t\t<\/div>\n\t\t\t\t<div class=\"elementor-element elementor-element-1ad4692 elementor-widget elementor-widget-text-editor\" data-id=\"1ad4692\" data-element_type=\"widget\" data-e-type=\"widget\" data-widget_type=\"text-editor.default\">\n\t\t\t\t<div class=\"elementor-widget-container\">\n\t\t\t\t\t\t\t\t\t<p><strong>Eindschoonmaak:&nbsp;<\/strong>De prijzen van onze vakantiewoningen zijn exclusief eindschoonmaak. De kosten voor de eindschoonmaak bedragen 50\u20ac per verblijf.<\/p>\t\t\t\t\t\t\t\t<\/div>\n\t\t\t\t<\/div>\n\t\t\t\t<div class=\"elementor-element elementor-element-414d41d elementor-widget elementor-widget-text-editor\" data-id=\"414d41d\" data-element_type=\"widget\" data-e-type=\"widget\" data-widget_type=\"text-editor.default\">\n\t\t\t\t<div class=\"elementor-widget-container\">\n\t\t\t\t\t\t\t\t\t<p><strong>Annuleringsvoorwaarden<\/strong>\u00a0(volgens Art. 1382 ZGB) Er is geen herroepingsrecht in de zin van de Italiaanse consumentenbeschermingswet. Niettemin verlenen wij u een herroepingsrecht onder de volgende annuleringsvoorwaarden in overeenstemming met Art. 1382 ZGB:<\/p><ul><li>De reservering kan tot uiterlijk 50 dagen voor de aankomstdatum worden geannuleerd zonder annuleringskosten te betalen. Alleen de aanbetaling blijft behouden.<\/li><li>Annulering tot 30 dagen voor de dag van aankomst: 50 % van de overeengekomen totale prijs zal worden ingehouden, in geval van no-show of vervroegd vertrek zal het volledige bedrag in rekening worden gebracht.<\/li><li>Annulering tot 14 dagen voor de dag van aankomst: 90% van de overeengekomen totale prijs zal worden behouden, in geval van no-show of vroegtijdig vertrek zal het volledige bedrag in rekening worden gebracht.<\/li><\/ul><p>Reserveringskosten worden niet gerestitueerd en worden afgetrokken van de aanbetaling.<\/p>\t\t\t\t\t\t\t\t<\/div>\n\t\t\t\t<\/div>\n\t\t\t\t<div class=\"elementor-element elementor-element-916975e elementor-widget elementor-widget-text-editor\" data-id=\"916975e\" data-element_type=\"widget\" data-e-type=\"widget\" data-widget_type=\"text-editor.default\">\n\t\t\t\t<div class=\"elementor-widget-container\">\n\t\t\t\t\t\t\t\t\t<p><strong>Vergoedingen voor verlies en schade<br \/><\/strong><\/p><ul><li><strong>toets<\/strong>Kosten voor het vervangen van het sluitsysteem<\/li><li><strong>Inventaris en meubilair:<\/strong> individueel volgens de mate van schade<\/li><\/ul>\t\t\t\t\t\t\t\t<\/div>\n\t\t\t\t<\/div>\n\t\t\t\t\t<\/div>\n\t\t\t\t<\/div>\n\t\t\t\t<\/div>","protected":false},"excerpt":{"rendered":"<p>Preise Bearbeiten Ferienwohnung Preis f\u00fcr 2 Personen zus\u00e4tzliche Person Wohnung 1 ab 130 \u20ac pro Nacht Wohnung 2 ab 120 \u20ac pro Nacht 50 \u20ac pro Tag Wohnung 3 ab 120 \u20ac pro Nacht Wohnung 4 ab 120 \u20ac pro Nacht 50 \u20ac pro Tag Wohnung 5 ab 120 \u20ac pro Nacht Wohnung 6 ab [&hellip;]<\/p>\n","protected":false},"author":1,"featured_media":545,"parent":0,"menu_order":0,"comment_status":"closed","ping_status":"closed","template":"","meta":{"footnotes":""},"class_list":["post-432","page","type-page","status-publish","has-post-thumbnail","hentry"],"yoast_head":"<!-- This site is optimized with the Yoast SEO plugin v27.4 - https:\/\/yoast.com\/product\/yoast-seo-wordpress\/ -->\n<title>Preise | Ahrpartments ***** Ferienwohnung in Bad Neuenahr<\/title>\n<meta name=\"description\" content=\"Erfahren Sie alles \u00fcber unsere attraktiven Preise f\u00fcr Ferienwohnungen in Bad Neuenahr. Transparent und \u00fcbersichtlich \u2013 entdecken Sie die besten Angebote f\u00fcr Ihren komfortablen und unvergesslichen Urlaub im sch\u00f6nen Ahrtal.\" \/>\n<meta name=\"robots\" content=\"index, follow, max-snippet:-1, max-image-preview:large, max-video-preview:-1\" \/>\n<link rel=\"canonical\" href=\"https:\/\/ahrpartments.de\/nl\/prijzen\/\" \/>\n<meta property=\"og:locale\" content=\"nl_NL\" \/>\n<meta property=\"og:type\" content=\"article\" \/>\n<meta property=\"og:title\" content=\"Preise | Ahrpartments ***** Ferienwohnung in Bad Neuenahr\" \/>\n<meta property=\"og:description\" content=\"Erfahren Sie alles \u00fcber unsere attraktiven Preise f\u00fcr Ferienwohnungen in Bad Neuenahr. Transparent und \u00fcbersichtlich \u2013 entdecken Sie die besten Angebote f\u00fcr Ihren komfortablen und unvergesslichen Urlaub im sch\u00f6nen Ahrtal.\" \/>\n<meta property=\"og:url\" content=\"https:\/\/ahrpartments.de\/nl\/prijzen\/\" \/>\n<meta property=\"og:site_name\" content=\"Ahrpartments- Ferienwohungen Bad Neuenahr\" \/>\n<meta property=\"article:modified_time\" content=\"2025-10-27T13:13:54+00:00\" \/>\n<meta property=\"og:image\" content=\"https:\/\/ahrpartments.de\/wp-content\/uploads\/2024\/06\/Durben_00190-scaled.jpeg\" \/>\n\t<meta property=\"og:image:width\" content=\"2560\" \/>\n\t<meta property=\"og:image:height\" content=\"1707\" \/>\n\t<meta property=\"og:image:type\" content=\"image\/jpeg\" \/>\n<meta name=\"twitter:card\" content=\"summary_large_image\" \/>\n<meta name=\"twitter:title\" content=\"Preise | Ahrpartments ***** Ferienwohnung in Bad Neuenahr\" \/>\n<meta name=\"twitter:description\" content=\"Erfahren Sie alles \u00fcber unsere attraktiven Preise f\u00fcr Ferienwohnungen in Bad Neuenahr. Transparent und \u00fcbersichtlich \u2013 entdecken Sie die besten Angebote f\u00fcr Ihren komfortablen und unvergesslichen Urlaub im sch\u00f6nen Ahrtal.\" \/>\n<meta name=\"twitter:image\" content=\"https:\/\/ahrpartments.de\/wp-content\/uploads\/2024\/06\/Durben_00190-scaled.jpeg\" \/>\n<meta name=\"twitter:label1\" content=\"Geschatte leestijd\" \/>\n\t<meta name=\"twitter:data1\" content=\"2 minuten\" \/>\n<script type=\"application\/ld+json\" class=\"yoast-schema-graph\">{\"@context\":\"https:\\\/\\\/schema.org\",\"@graph\":[{\"@type\":\"WebPage\",\"@id\":\"https:\\\/\\\/ahrpartments.de\\\/preise\\\/\",\"url\":\"https:\\\/\\\/ahrpartments.de\\\/preise\\\/\",\"name\":\"Preise | Ahrpartments ***** Ferienwohnung in Bad Neuenahr\",\"isPartOf\":{\"@id\":\"https:\\\/\\\/ahrpartments.de\\\/#website\"},\"primaryImageOfPage\":{\"@id\":\"https:\\\/\\\/ahrpartments.de\\\/preise\\\/#primaryimage\"},\"image\":{\"@id\":\"https:\\\/\\\/ahrpartments.de\\\/preise\\\/#primaryimage\"},\"thumbnailUrl\":\"https:\\\/\\\/ahrpartments.de\\\/wp-content\\\/uploads\\\/2024\\\/06\\\/Durben_00190-scaled.jpeg\",\"datePublished\":\"2024-05-29T12:38:27+00:00\",\"dateModified\":\"2025-10-27T13:13:54+00:00\",\"description\":\"Erfahren Sie alles \u00fcber unsere attraktiven Preise f\u00fcr Ferienwohnungen in Bad Neuenahr. Transparent und \u00fcbersichtlich \u2013 entdecken Sie die besten Angebote f\u00fcr Ihren komfortablen und unvergesslichen Urlaub im sch\u00f6nen Ahrtal.\",\"breadcrumb\":{\"@id\":\"https:\\\/\\\/ahrpartments.de\\\/preise\\\/#breadcrumb\"},\"inLanguage\":\"nl-NL\",\"potentialAction\":[{\"@type\":\"ReadAction\",\"target\":[\"https:\\\/\\\/ahrpartments.de\\\/preise\\\/\"]}]},{\"@type\":\"ImageObject\",\"inLanguage\":\"nl-NL\",\"@id\":\"https:\\\/\\\/ahrpartments.de\\\/preise\\\/#primaryimage\",\"url\":\"https:\\\/\\\/ahrpartments.de\\\/wp-content\\\/uploads\\\/2024\\\/06\\\/Durben_00190-scaled.jpeg\",\"contentUrl\":\"https:\\\/\\\/ahrpartments.de\\\/wp-content\\\/uploads\\\/2024\\\/06\\\/Durben_00190-scaled.jpeg\",\"width\":2560,\"height\":1707},{\"@type\":\"BreadcrumbList\",\"@id\":\"https:\\\/\\\/ahrpartments.de\\\/preise\\\/#breadcrumb\",\"itemListElement\":[{\"@type\":\"ListItem\",\"position\":1,\"name\":\"Home\",\"item\":\"https:\\\/\\\/ahrpartments.de\\\/\"},{\"@type\":\"ListItem\",\"position\":2,\"name\":\"Preise\"}]},{\"@type\":\"WebSite\",\"@id\":\"https:\\\/\\\/ahrpartments.de\\\/#website\",\"url\":\"https:\\\/\\\/ahrpartments.de\\\/\",\"name\":\"Ahrpartments- Ferienwohungen Bad Neuenahr\",\"description\":\"\",\"publisher\":{\"@id\":\"https:\\\/\\\/ahrpartments.de\\\/#organization\"},\"potentialAction\":[{\"@type\":\"SearchAction\",\"target\":{\"@type\":\"EntryPoint\",\"urlTemplate\":\"https:\\\/\\\/ahrpartments.de\\\/?s={search_term_string}\"},\"query-input\":{\"@type\":\"PropertyValueSpecification\",\"valueRequired\":true,\"valueName\":\"search_term_string\"}}],\"inLanguage\":\"nl-NL\"},{\"@type\":\"Organization\",\"@id\":\"https:\\\/\\\/ahrpartments.de\\\/#organization\",\"name\":\"Ahrpartments- Ferienwohungen Bad Neuenahr\",\"url\":\"https:\\\/\\\/ahrpartments.de\\\/\",\"logo\":{\"@type\":\"ImageObject\",\"inLanguage\":\"nl-NL\",\"@id\":\"https:\\\/\\\/ahrpartments.de\\\/#\\\/schema\\\/logo\\\/image\\\/\",\"url\":\"https:\\\/\\\/ahrpartments.de\\\/wp-content\\\/uploads\\\/2024\\\/05\\\/cropped-4-1.jpg\",\"contentUrl\":\"https:\\\/\\\/ahrpartments.de\\\/wp-content\\\/uploads\\\/2024\\\/05\\\/cropped-4-1.jpg\",\"width\":800,\"height\":229,\"caption\":\"Ahrpartments- Ferienwohungen Bad Neuenahr\"},\"image\":{\"@id\":\"https:\\\/\\\/ahrpartments.de\\\/#\\\/schema\\\/logo\\\/image\\\/\"}}]}<\/script>\n<!-- \/ Yoast SEO plugin. -->","yoast_head_json":{"title":"Prijzen | Ahrpartments ***** Vakantiewoning in Bad Neuenahr","description":"Ontdek alles over onze aantrekkelijke prijzen voor vakantiewoningen in Bad Neuenahr. Transparant en duidelijk - ontdek de beste aanbiedingen voor een comfortabele en onvergetelijke vakantie in het prachtige Ahrdal.","robots":{"index":"index","follow":"follow","max-snippet":"max-snippet:-1","max-image-preview":"max-image-preview:large","max-video-preview":"max-video-preview:-1"},"canonical":"https:\/\/ahrpartments.de\/nl\/prijzen\/","og_locale":"nl_NL","og_type":"article","og_title":"Preise | Ahrpartments ***** Ferienwohnung in Bad Neuenahr","og_description":"Erfahren Sie alles \u00fcber unsere attraktiven Preise f\u00fcr Ferienwohnungen in Bad Neuenahr. Transparent und \u00fcbersichtlich \u2013 entdecken Sie die besten Angebote f\u00fcr Ihren komfortablen und unvergesslichen Urlaub im sch\u00f6nen Ahrtal.","og_url":"https:\/\/ahrpartments.de\/nl\/prijzen\/","og_site_name":"Ahrpartments- Ferienwohungen Bad Neuenahr","article_modified_time":"2025-10-27T13:13:54+00:00","og_image":[{"width":2560,"height":1707,"url":"https:\/\/ahrpartments.de\/wp-content\/uploads\/2024\/06\/Durben_00190-scaled.jpeg","type":"image\/jpeg"}],"twitter_card":"summary_large_image","twitter_title":"Preise | Ahrpartments ***** Ferienwohnung in Bad Neuenahr","twitter_description":"Erfahren Sie alles \u00fcber unsere attraktiven Preise f\u00fcr Ferienwohnungen in Bad Neuenahr. Transparent und \u00fcbersichtlich \u2013 entdecken Sie die besten Angebote f\u00fcr Ihren komfortablen und unvergesslichen Urlaub im sch\u00f6nen Ahrtal.","twitter_image":"https:\/\/ahrpartments.de\/wp-content\/uploads\/2024\/06\/Durben_00190-scaled.jpeg","twitter_misc":{"Geschatte leestijd":"2 minuten"},"schema":{"@context":"https:\/\/schema.org","@graph":[{"@type":"WebPage","@id":"https:\/\/ahrpartments.de\/preise\/","url":"https:\/\/ahrpartments.de\/preise\/","name":"Prijzen | Ahrpartments ***** Vakantiewoning in Bad Neuenahr","isPartOf":{"@id":"https:\/\/ahrpartments.de\/#website"},"primaryImageOfPage":{"@id":"https:\/\/ahrpartments.de\/preise\/#primaryimage"},"image":{"@id":"https:\/\/ahrpartments.de\/preise\/#primaryimage"},"thumbnailUrl":"https:\/\/ahrpartments.de\/wp-content\/uploads\/2024\/06\/Durben_00190-scaled.jpeg","datePublished":"2024-05-29T12:38:27+00:00","dateModified":"2025-10-27T13:13:54+00:00","description":"Ontdek alles over onze aantrekkelijke prijzen voor vakantiewoningen in Bad Neuenahr. Transparant en duidelijk - ontdek de beste aanbiedingen voor een comfortabele en onvergetelijke vakantie in het prachtige Ahrdal.","breadcrumb":{"@id":"https:\/\/ahrpartments.de\/preise\/#breadcrumb"},"inLanguage":"nl-NL","potentialAction":[{"@type":"ReadAction","target":["https:\/\/ahrpartments.de\/preise\/"]}]},{"@type":"ImageObject","inLanguage":"nl-NL","@id":"https:\/\/ahrpartments.de\/preise\/#primaryimage","url":"https:\/\/ahrpartments.de\/wp-content\/uploads\/2024\/06\/Durben_00190-scaled.jpeg","contentUrl":"https:\/\/ahrpartments.de\/wp-content\/uploads\/2024\/06\/Durben_00190-scaled.jpeg","width":2560,"height":1707},{"@type":"BreadcrumbList","@id":"https:\/\/ahrpartments.de\/preise\/#breadcrumb","itemListElement":[{"@type":"ListItem","position":1,"name":"Home","item":"https:\/\/ahrpartments.de\/"},{"@type":"ListItem","position":2,"name":"Preise"}]},{"@type":"WebSite","@id":"https:\/\/ahrpartments.de\/#website","url":"https:\/\/ahrpartments.de\/","name":"Ahrpartments- vakantiewoningen Bad Neuenahr","description":"","publisher":{"@id":"https:\/\/ahrpartments.de\/#organization"},"potentialAction":[{"@type":"SearchAction","target":{"@type":"EntryPoint","urlTemplate":"https:\/\/ahrpartments.de\/?s={search_term_string}"},"query-input":{"@type":"PropertyValueSpecification","valueRequired":true,"valueName":"search_term_string"}}],"inLanguage":"nl-NL"},{"@type":"Organization","@id":"https:\/\/ahrpartments.de\/#organization","name":"Ahrpartments- vakantiewoningen Bad Neuenahr","url":"https:\/\/ahrpartments.de\/","logo":{"@type":"ImageObject","inLanguage":"nl-NL","@id":"https:\/\/ahrpartments.de\/#\/schema\/logo\/image\/","url":"https:\/\/ahrpartments.de\/wp-content\/uploads\/2024\/05\/cropped-4-1.jpg","contentUrl":"https:\/\/ahrpartments.de\/wp-content\/uploads\/2024\/05\/cropped-4-1.jpg","width":800,"height":229,"caption":"Ahrpartments- Ferienwohungen Bad Neuenahr"},"image":{"@id":"https:\/\/ahrpartments.de\/#\/schema\/logo\/image\/"}}]}},"_links":{"self":[{"href":"https:\/\/ahrpartments.de\/nl\/wp-json\/wp\/v2\/pages\/432","targetHints":{"allow":["GET"]}}],"collection":[{"href":"https:\/\/ahrpartments.de\/nl\/wp-json\/wp\/v2\/pages"}],"about":[{"href":"https:\/\/ahrpartments.de\/nl\/wp-json\/wp\/v2\/types\/page"}],"author":[{"embeddable":true,"href":"https:\/\/ahrpartments.de\/nl\/wp-json\/wp\/v2\/users\/1"}],"replies":[{"embeddable":true,"href":"https:\/\/ahrpartments.de\/nl\/wp-json\/wp\/v2\/comments?post=432"}],"version-history":[{"count":19,"href":"https:\/\/ahrpartments.de\/nl\/wp-json\/wp\/v2\/pages\/432\/revisions"}],"predecessor-version":[{"id":5877,"href":"https:\/\/ahrpartments.de\/nl\/wp-json\/wp\/v2\/pages\/432\/revisions\/5877"}],"wp:featuredmedia":[{"embeddable":true,"href":"https:\/\/ahrpartments.de\/nl\/wp-json\/wp\/v2\/media\/545"}],"wp:attachment":[{"href":"https:\/\/ahrpartments.de\/nl\/wp-json\/wp\/v2\/media?parent=432"}],"curies":[{"name":"wp","href":"https:\/\/api.w.org\/{rel}","templated":true}]}}