{"id":69,"date":"2024-05-22T11:32:04","date_gmt":"2024-05-22T09:32:04","guid":{"rendered":"http:\/\/fewo.cyteq.cloud\/?page_id=69"},"modified":"2024-06-05T10:02:07","modified_gmt":"2024-06-05T08:02:07","slug":"over-ons","status":"publish","type":"page","link":"https:\/\/ahrpartments.de\/nl\/over-ons\/","title":{"rendered":"Over ons"},"content":{"rendered":"<div data-elementor-type=\"wp-page\" data-elementor-id=\"69\" class=\"elementor elementor-69\" data-elementor-post-type=\"page\">\n\t\t\t\t<div class=\"elementor-element elementor-element-fab12a5 e-flex e-con-boxed elementor-invisible e-con e-parent\" data-id=\"fab12a5\" data-element_type=\"container\" data-e-type=\"container\" data-settings=\"{&quot;animation&quot;:&quot;fadeIn&quot;}\">\n\t\t\t\t\t<div class=\"e-con-inner\">\n\t\t<div class=\"elementor-element elementor-element-ae20135 e-con-full e-flex e-con e-child\" data-id=\"ae20135\" data-element_type=\"container\" data-e-type=\"container\" data-settings=\"{&quot;background_background&quot;:&quot;classic&quot;}\">\n\t\t\t\t<div class=\"elementor-element elementor-element-dee81d1 elementor-widget__width-initial ekit-equal-height-disable elementor-widget elementor-widget-elementskit-icon-box\" data-id=\"dee81d1\" data-element_type=\"widget\" data-e-type=\"widget\" data-widget_type=\"elementskit-icon-box.default\">\n\t\t\t\t<div class=\"elementor-widget-container\">\n\t\t\t\t\t<div class=\"ekit-wid-con\" >        <!-- link opening -->\n                <!-- end link opening -->\n\n        <div class=\"elementskit-infobox text-center text- icon-lef-right-aligin elementor-animation-\">\n                        <div class=\"box-body\">\n                            <h1 class=\"elementskit-info-box-title\">\n                    Over ons                <\/h1>\n                                            <\/div>\n        \n        \n                <\/div>\n        <\/div>\t\t\t\t<\/div>\n\t\t\t\t<\/div>\n\t\t\t\t<\/div>\n\t\t\t\t\t<\/div>\n\t\t\t\t<\/div>\n\t\t<div class=\"elementor-element elementor-element-ae2b59b e-flex e-con-boxed e-con e-parent\" data-id=\"ae2b59b\" data-element_type=\"container\" data-e-type=\"container\">\n\t\t\t\t\t<div class=\"e-con-inner\">\n\t\t<div class=\"elementor-element elementor-element-151e0ec e-con-full e-flex e-con e-child\" data-id=\"151e0ec\" data-element_type=\"container\" data-e-type=\"container\">\n\t\t\t\t<div class=\"elementor-element elementor-element-fd26c4d elementor-widget elementor-widget-heading\" data-id=\"fd26c4d\" data-element_type=\"widget\" data-e-type=\"widget\" data-widget_type=\"heading.default\">\n\t\t\t\t<div class=\"elementor-widget-container\">\n\t\t\t\t\t<h2 class=\"elementor-heading-title elementor-size-default\">Gastheer in Bad Neuenahr sinds 1907<\/h2>\t\t\t\t<\/div>\n\t\t\t\t<\/div>\n\t\t\t\t<div class=\"elementor-element elementor-element-52629b9 elementor-widget elementor-widget-text-editor\" data-id=\"52629b9\" data-element_type=\"widget\" data-e-type=\"widget\" data-widget_type=\"text-editor.default\">\n\t\t\t\t<div class=\"elementor-widget-container\">\n\t\t\t\t\t\t\t\t\t<p>Ons huis kijkt terug op een lange en bewogen geschiedenis die meer dan een eeuw geleden begon. Ons gebouw werd in 1870 gebouwd als een van de eerste huizen aan de Telegrafenstra\u00dfe en diende aanvankelijk als woonhuis. Al in 1907 werd het omgebouwd tot pension Haus Kelter, waarmee de basis werd gelegd voor onze traditie van gastvrijheid.<\/p><p>Van 1960 tot 1964 werd het pension omgebouwd tot een comfortabel garni hotel onder leiding van de familie Ernsing. Het is opmerkelijk dat ons hotel het eerste hotel in Bad Neuenahr was met een lift - een noviteit en een uitdrukking van het comfort dat we onze gasten wilden bieden.<\/p><p>De volgende decennia werden gekenmerkt door de familie Schipler, die het hotel van 1976 tot 2005 runde met volpension en halfpension. In deze periode hebben we een reputatie opgebouwd van eersteklas gastvrijheid en persoonlijke service.<\/p><p>In 2005 namen de dochter en haar man, de familie Durben, het Garni Hotel over en leidden het een nieuw tijdperk in. Twee jaar later, in 2007, breidden we ons aanbod uit met een moderne penthouse vakantiewoning, die voldeed aan de vraag van onze gasten naar hedendaags comfort.<\/p><p>Een belangrijke gebeurtenis was de overstroming van de eeuw in het Ahrdal in 2021, die ons huis zwaar beschadigde. Ondanks deze tegenslag begonnen we meteen met het plannen van de wederopbouw. Van 2021 tot mei 2024 werd het hotel volledig omgebouwd tot moderne vakantiewoningen. Op een oppervlakte van 820 m\u00b2 werd een stijlvolle en comfortabele accommodatie gecre\u00eberd die niets te wensen overlaat.<\/p><p>In juni 2024 kijken we ernaar uit om te heropenen als Ahrpartments en onze gasten te verwelkomen in een moderne maar traditionele sfeer. Onze geschiedenis wordt gekenmerkt door verandering en consistentie - en we zijn er trots op deze traditie voort te zetten.<\/p>\t\t\t\t\t\t\t\t<\/div>\n\t\t\t\t<\/div>\n\t\t\t\t<\/div>\n\t\t\t\t\t<\/div>\n\t\t\t\t<\/div>\n\t\t<div class=\"elementor-element elementor-element-25221b2 e-flex e-con-boxed e-con e-parent\" data-id=\"25221b2\" data-element_type=\"container\" data-e-type=\"container\">\n\t\t\t\t\t<div class=\"e-con-inner\">\n\t\t\t\t<div class=\"elementor-element elementor-element-a8db45a elementor-widget elementor-widget-image\" data-id=\"a8db45a\" data-element_type=\"widget\" data-e-type=\"widget\" data-widget_type=\"image.default\">\n\t\t\t\t<div class=\"elementor-widget-container\">\n\t\t\t\t\t\t\t\t\t\t\t\t\t\t\t<img fetchpriority=\"high\" decoding=\"async\" width=\"800\" height=\"534\" src=\"https:\/\/ahrpartments.de\/wp-content\/uploads\/2024\/06\/Durben_00011-1024x683.jpeg\" class=\"attachment-large size-large wp-image-516\" alt=\"\" srcset=\"https:\/\/ahrpartments.de\/wp-content\/uploads\/2024\/06\/Durben_00011-1024x683.jpeg 1024w, https:\/\/ahrpartments.de\/wp-content\/uploads\/2024\/06\/Durben_00011-300x200.jpeg 300w, https:\/\/ahrpartments.de\/wp-content\/uploads\/2024\/06\/Durben_00011-768x512.jpeg 768w, https:\/\/ahrpartments.de\/wp-content\/uploads\/2024\/06\/Durben_00011-1536x1024.jpeg 1536w, https:\/\/ahrpartments.de\/wp-content\/uploads\/2024\/06\/Durben_00011-2048x1365.jpeg 2048w\" sizes=\"(max-width: 800px) 100vw, 800px\" \/>\t\t\t\t\t\t\t\t\t\t\t\t\t\t\t<\/div>\n\t\t\t\t<\/div>\n\t\t\t\t\t<\/div>\n\t\t\t\t<\/div>\n\t\t\t\t<\/div>","protected":false},"excerpt":{"rendered":"<p>\u00dcber Uns Seit 1907 Gastgeber in Bad Neuenahr Unser Haus blickt auf eine lange und bewegte Geschichte zur\u00fcck, die vor \u00fcber einem Jahrhundert begann. Im Jahr 1870 wurde unser Geb\u00e4ude als eines der ersten H\u00e4user auf der Telegrafenstra\u00dfe erbaut und diente zun\u00e4chst als Wohnhaus. Bereits 1907 erfolgte der erste Umbau zur Pension Haus Kelter, womit [&hellip;]<\/p>\n","protected":false},"author":1,"featured_media":0,"parent":0,"menu_order":0,"comment_status":"closed","ping_status":"closed","template":"elementor_header_footer","meta":{"footnotes":""},"class_list":["post-69","page","type-page","status-publish","hentry"],"yoast_head":"<!-- This site is optimized with the Yoast SEO plugin v27.4 - https:\/\/yoast.com\/product\/yoast-seo-wordpress\/ -->\n<title>\u00dcber Uns | Ahrpartments ***** Ferienwohnung in Bad Neuenahr<\/title>\n<meta name=\"description\" content=\"Entdecken Sie die Ahrpartments, ehemals Hotel Ernsing, im Herzen des Ahrtals. Unsere stilvoll renovierten Ferienwohnungen bieten h\u00f6chsten Komfort und ein unvergessliches Urlaubserlebnis in einer der sch\u00f6nsten Weinregionen Deutschlands.\" \/>\n<meta name=\"robots\" content=\"index, follow, max-snippet:-1, max-image-preview:large, max-video-preview:-1\" \/>\n<link rel=\"canonical\" href=\"https:\/\/ahrpartments.de\/nl\/over-ons\/\" \/>\n<meta property=\"og:locale\" content=\"nl_NL\" \/>\n<meta property=\"og:type\" content=\"article\" \/>\n<meta property=\"og:title\" content=\"\u00dcber Uns | Ahrpartments ***** Ferienwohnung in Bad Neuenahr\" \/>\n<meta property=\"og:description\" content=\"Entdecken Sie die Ahrpartments, ehemals Haus Ernsing, im Herzen des Ahrtals. Unsere stilvoll renovierten Ferienwohnungen bieten h\u00f6chsten Komfort und ein unvergessliches Urlaubserlebnis in einer der sch\u00f6nsten Weinregionen Deutschlands.\" \/>\n<meta property=\"og:url\" content=\"https:\/\/ahrpartments.de\/nl\/over-ons\/\" \/>\n<meta property=\"og:site_name\" content=\"Ahrpartments- Ferienwohungen Bad Neuenahr\" \/>\n<meta property=\"article:modified_time\" content=\"2024-06-05T08:02:07+00:00\" \/>\n<meta property=\"og:image\" content=\"https:\/\/ahrpartments.de\/wp-content\/uploads\/2024\/06\/Durben_00011-scaled.jpeg\" \/>\n\t<meta property=\"og:image:width\" content=\"2560\" \/>\n\t<meta property=\"og:image:height\" content=\"1707\" \/>\n\t<meta property=\"og:image:type\" content=\"image\/jpeg\" \/>\n<meta name=\"twitter:card\" content=\"summary_large_image\" \/>\n<meta name=\"twitter:title\" content=\"\u00dcber Uns | Ahrpartments ***** Ferienwohnung in Bad Neuenahr\" \/>\n<meta name=\"twitter:description\" content=\"Entdecken Sie die Ahrpartments, ehemals Haus Ernsing, im Herzen des Ahrtals. Unsere stilvoll renovierten Ferienwohnungen bieten h\u00f6chsten Komfort und ein unvergessliches Urlaubserlebnis in einer der sch\u00f6nsten Weinregionen Deutschlands.\" \/>\n<meta name=\"twitter:image\" content=\"https:\/\/ahrpartments.de\/wp-content\/uploads\/2024\/06\/Durben_00011-scaled.jpeg\" \/>\n<meta name=\"twitter:label1\" content=\"Geschatte leestijd\" \/>\n\t<meta name=\"twitter:data1\" content=\"2 minuten\" \/>\n<script type=\"application\/ld+json\" class=\"yoast-schema-graph\">{\"@context\":\"https:\\\/\\\/schema.org\",\"@graph\":[{\"@type\":\"WebPage\",\"@id\":\"https:\\\/\\\/ahrpartments.de\\\/ueber-uns\\\/\",\"url\":\"https:\\\/\\\/ahrpartments.de\\\/ueber-uns\\\/\",\"name\":\"\u00dcber Uns | Ahrpartments ***** Ferienwohnung in Bad Neuenahr\",\"isPartOf\":{\"@id\":\"https:\\\/\\\/ahrpartments.de\\\/#website\"},\"primaryImageOfPage\":{\"@id\":\"https:\\\/\\\/ahrpartments.de\\\/ueber-uns\\\/#primaryimage\"},\"image\":{\"@id\":\"https:\\\/\\\/ahrpartments.de\\\/ueber-uns\\\/#primaryimage\"},\"thumbnailUrl\":\"https:\\\/\\\/ahrpartments.de\\\/wp-content\\\/uploads\\\/2024\\\/06\\\/Durben_00011-1024x683.jpeg\",\"datePublished\":\"2024-05-22T09:32:04+00:00\",\"dateModified\":\"2024-06-05T08:02:07+00:00\",\"description\":\"Entdecken Sie die Ahrpartments, ehemals Hotel Ernsing, im Herzen des Ahrtals. Unsere stilvoll renovierten Ferienwohnungen bieten h\u00f6chsten Komfort und ein unvergessliches Urlaubserlebnis in einer der sch\u00f6nsten Weinregionen Deutschlands.\",\"breadcrumb\":{\"@id\":\"https:\\\/\\\/ahrpartments.de\\\/ueber-uns\\\/#breadcrumb\"},\"inLanguage\":\"nl-NL\",\"potentialAction\":[{\"@type\":\"ReadAction\",\"target\":[\"https:\\\/\\\/ahrpartments.de\\\/ueber-uns\\\/\"]}]},{\"@type\":\"ImageObject\",\"inLanguage\":\"nl-NL\",\"@id\":\"https:\\\/\\\/ahrpartments.de\\\/ueber-uns\\\/#primaryimage\",\"url\":\"https:\\\/\\\/ahrpartments.de\\\/wp-content\\\/uploads\\\/2024\\\/06\\\/Durben_00011-1024x683.jpeg\",\"contentUrl\":\"https:\\\/\\\/ahrpartments.de\\\/wp-content\\\/uploads\\\/2024\\\/06\\\/Durben_00011-1024x683.jpeg\"},{\"@type\":\"BreadcrumbList\",\"@id\":\"https:\\\/\\\/ahrpartments.de\\\/ueber-uns\\\/#breadcrumb\",\"itemListElement\":[{\"@type\":\"ListItem\",\"position\":1,\"name\":\"Home\",\"item\":\"https:\\\/\\\/ahrpartments.de\\\/\"},{\"@type\":\"ListItem\",\"position\":2,\"name\":\"\u00dcber Uns\"}]},{\"@type\":\"WebSite\",\"@id\":\"https:\\\/\\\/ahrpartments.de\\\/#website\",\"url\":\"https:\\\/\\\/ahrpartments.de\\\/\",\"name\":\"Ahrpartments- Ferienwohungen Bad Neuenahr\",\"description\":\"\",\"publisher\":{\"@id\":\"https:\\\/\\\/ahrpartments.de\\\/#organization\"},\"potentialAction\":[{\"@type\":\"SearchAction\",\"target\":{\"@type\":\"EntryPoint\",\"urlTemplate\":\"https:\\\/\\\/ahrpartments.de\\\/?s={search_term_string}\"},\"query-input\":{\"@type\":\"PropertyValueSpecification\",\"valueRequired\":true,\"valueName\":\"search_term_string\"}}],\"inLanguage\":\"nl-NL\"},{\"@type\":\"Organization\",\"@id\":\"https:\\\/\\\/ahrpartments.de\\\/#organization\",\"name\":\"Ahrpartments- Ferienwohungen Bad Neuenahr\",\"url\":\"https:\\\/\\\/ahrpartments.de\\\/\",\"logo\":{\"@type\":\"ImageObject\",\"inLanguage\":\"nl-NL\",\"@id\":\"https:\\\/\\\/ahrpartments.de\\\/#\\\/schema\\\/logo\\\/image\\\/\",\"url\":\"https:\\\/\\\/ahrpartments.de\\\/wp-content\\\/uploads\\\/2024\\\/05\\\/cropped-4-1.jpg\",\"contentUrl\":\"https:\\\/\\\/ahrpartments.de\\\/wp-content\\\/uploads\\\/2024\\\/05\\\/cropped-4-1.jpg\",\"width\":800,\"height\":229,\"caption\":\"Ahrpartments- Ferienwohungen Bad Neuenahr\"},\"image\":{\"@id\":\"https:\\\/\\\/ahrpartments.de\\\/#\\\/schema\\\/logo\\\/image\\\/\"}}]}<\/script>\n<!-- \/ Yoast SEO plugin. -->","yoast_head_json":{"title":"Over ons | Ahrpartments ***** Vakantiewoning in Bad Neuenahr","description":"Ontdek het Ahrpartments, voorheen Hotel Ernsing, in het hart van het Ahrdal. Onze stijlvol gerenoveerde vakantiewoningen bieden maximaal comfort en een onvergetelijke vakantie-ervaring in een van de mooiste wijngebieden van Duitsland.","robots":{"index":"index","follow":"follow","max-snippet":"max-snippet:-1","max-image-preview":"max-image-preview:large","max-video-preview":"max-video-preview:-1"},"canonical":"https:\/\/ahrpartments.de\/nl\/over-ons\/","og_locale":"nl_NL","og_type":"article","og_title":"\u00dcber Uns | Ahrpartments ***** Ferienwohnung in Bad Neuenahr","og_description":"Entdecken Sie die Ahrpartments, ehemals Haus Ernsing, im Herzen des Ahrtals. Unsere stilvoll renovierten Ferienwohnungen bieten h\u00f6chsten Komfort und ein unvergessliches Urlaubserlebnis in einer der sch\u00f6nsten Weinregionen Deutschlands.","og_url":"https:\/\/ahrpartments.de\/nl\/over-ons\/","og_site_name":"Ahrpartments- Ferienwohungen Bad Neuenahr","article_modified_time":"2024-06-05T08:02:07+00:00","og_image":[{"width":2560,"height":1707,"url":"https:\/\/ahrpartments.de\/wp-content\/uploads\/2024\/06\/Durben_00011-scaled.jpeg","type":"image\/jpeg"}],"twitter_card":"summary_large_image","twitter_title":"\u00dcber Uns | Ahrpartments ***** Ferienwohnung in Bad Neuenahr","twitter_description":"Entdecken Sie die Ahrpartments, ehemals Haus Ernsing, im Herzen des Ahrtals. Unsere stilvoll renovierten Ferienwohnungen bieten h\u00f6chsten Komfort und ein unvergessliches Urlaubserlebnis in einer der sch\u00f6nsten Weinregionen Deutschlands.","twitter_image":"https:\/\/ahrpartments.de\/wp-content\/uploads\/2024\/06\/Durben_00011-scaled.jpeg","twitter_misc":{"Geschatte leestijd":"2 minuten"},"schema":{"@context":"https:\/\/schema.org","@graph":[{"@type":"WebPage","@id":"https:\/\/ahrpartments.de\/ueber-uns\/","url":"https:\/\/ahrpartments.de\/ueber-uns\/","name":"Over ons | Ahrpartments ***** Vakantiewoning in Bad Neuenahr","isPartOf":{"@id":"https:\/\/ahrpartments.de\/#website"},"primaryImageOfPage":{"@id":"https:\/\/ahrpartments.de\/ueber-uns\/#primaryimage"},"image":{"@id":"https:\/\/ahrpartments.de\/ueber-uns\/#primaryimage"},"thumbnailUrl":"https:\/\/ahrpartments.de\/wp-content\/uploads\/2024\/06\/Durben_00011-1024x683.jpeg","datePublished":"2024-05-22T09:32:04+00:00","dateModified":"2024-06-05T08:02:07+00:00","description":"Ontdek het Ahrpartments, voorheen Hotel Ernsing, in het hart van het Ahrdal. Onze stijlvol gerenoveerde vakantiewoningen bieden maximaal comfort en een onvergetelijke vakantie-ervaring in een van de mooiste wijngebieden van Duitsland.","breadcrumb":{"@id":"https:\/\/ahrpartments.de\/ueber-uns\/#breadcrumb"},"inLanguage":"nl-NL","potentialAction":[{"@type":"ReadAction","target":["https:\/\/ahrpartments.de\/ueber-uns\/"]}]},{"@type":"ImageObject","inLanguage":"nl-NL","@id":"https:\/\/ahrpartments.de\/ueber-uns\/#primaryimage","url":"https:\/\/ahrpartments.de\/wp-content\/uploads\/2024\/06\/Durben_00011-1024x683.jpeg","contentUrl":"https:\/\/ahrpartments.de\/wp-content\/uploads\/2024\/06\/Durben_00011-1024x683.jpeg"},{"@type":"BreadcrumbList","@id":"https:\/\/ahrpartments.de\/ueber-uns\/#breadcrumb","itemListElement":[{"@type":"ListItem","position":1,"name":"Home","item":"https:\/\/ahrpartments.de\/"},{"@type":"ListItem","position":2,"name":"\u00dcber Uns"}]},{"@type":"WebSite","@id":"https:\/\/ahrpartments.de\/#website","url":"https:\/\/ahrpartments.de\/","name":"Ahrpartments- vakantiewoningen Bad Neuenahr","description":"","publisher":{"@id":"https:\/\/ahrpartments.de\/#organization"},"potentialAction":[{"@type":"SearchAction","target":{"@type":"EntryPoint","urlTemplate":"https:\/\/ahrpartments.de\/?s={search_term_string}"},"query-input":{"@type":"PropertyValueSpecification","valueRequired":true,"valueName":"search_term_string"}}],"inLanguage":"nl-NL"},{"@type":"Organization","@id":"https:\/\/ahrpartments.de\/#organization","name":"Ahrpartments- vakantiewoningen Bad Neuenahr","url":"https:\/\/ahrpartments.de\/","logo":{"@type":"ImageObject","inLanguage":"nl-NL","@id":"https:\/\/ahrpartments.de\/#\/schema\/logo\/image\/","url":"https:\/\/ahrpartments.de\/wp-content\/uploads\/2024\/05\/cropped-4-1.jpg","contentUrl":"https:\/\/ahrpartments.de\/wp-content\/uploads\/2024\/05\/cropped-4-1.jpg","width":800,"height":229,"caption":"Ahrpartments- Ferienwohungen Bad Neuenahr"},"image":{"@id":"https:\/\/ahrpartments.de\/#\/schema\/logo\/image\/"}}]}},"_links":{"self":[{"href":"https:\/\/ahrpartments.de\/nl\/wp-json\/wp\/v2\/pages\/69","targetHints":{"allow":["GET"]}}],"collection":[{"href":"https:\/\/ahrpartments.de\/nl\/wp-json\/wp\/v2\/pages"}],"about":[{"href":"https:\/\/ahrpartments.de\/nl\/wp-json\/wp\/v2\/types\/page"}],"author":[{"embeddable":true,"href":"https:\/\/ahrpartments.de\/nl\/wp-json\/wp\/v2\/users\/1"}],"replies":[{"embeddable":true,"href":"https:\/\/ahrpartments.de\/nl\/wp-json\/wp\/v2\/comments?post=69"}],"version-history":[{"count":13,"href":"https:\/\/ahrpartments.de\/nl\/wp-json\/wp\/v2\/pages\/69\/revisions"}],"predecessor-version":[{"id":1022,"href":"https:\/\/ahrpartments.de\/nl\/wp-json\/wp\/v2\/pages\/69\/revisions\/1022"}],"wp:attachment":[{"href":"https:\/\/ahrpartments.de\/nl\/wp-json\/wp\/v2\/media?parent=69"}],"curies":[{"name":"wp","href":"https:\/\/api.w.org\/{rel}","templated":true}]}}